{"id":124,"date":"2019-12-27T12:32:56","date_gmt":"2019-12-27T11:32:56","guid":{"rendered":"http:\/\/jardi.dv.ancorathemes.com\/?post_type=product&#038;p=124"},"modified":"2022-10-30T20:38:49","modified_gmt":"2022-10-30T19:38:49","slug":"marius","status":"publish","type":"product","link":"https:\/\/baldetti.com\/en\/prodotti\/marius\/","title":{"rendered":"MARIUS"},"content":{"rendered":"","protected":false},"excerpt":{"rendered":"<p><span class=\"titolo_prodotto\">CORTONA DOC Sangiovese<\/span><\/p>\n<p><span class=\"slogan_prodotto\"><em>Made of Sangiovese and a small percentage of Merlot, this is a really pleasant wine, with which<br \/>\nwe have an emotional bond, since it is a tribute to Mario Baldetti, great admirer of the Sangiovese grape, who started the production of our bottled wine in the 70s.<\/em><\/span><\/p>\n<p><b>Grape<\/b>: Sangiovese 90% &#8211; Merlot 10%<br \/>\n<b>Area<\/b>: Pietraia (around 290m above the sea level)<br \/>\n<b>Harvest<\/b>: The Merlot is harvested at the beginning of September, the Sangiovese at the end of September<br \/>\n<b>Vinification<\/b>: Traditional and d\u00e8lestage, maceration with the skins for 8 &#8211; 10 days<br \/>\n<b>Ageing<\/b>: The Sangiovese ages in concrete tanks and tonneaux, the Merlot in 225lt barriques, both for 8 months; after that the wine stays for at least 4 months in the bottle<br \/>\n<b>Color<\/b>: Ruby red to purple<br \/>\n<b>Nose<\/b>: Floral and fruity; notes of violet and blackberry<br \/>\n<b>Taste<\/b>: Harmonic, elegant and balanced<br \/>\n<b>Alcoholic Content<\/b>: 13% &#8211; 14%<\/p>\n<p><a class=\"link\" href=\"https:\/\/baldetti.com\/wp-content\/uploads\/2022\/10\/marius-en.pdf\" target=\"_blank\" rel=\"noopener noreferrer\">DOWNLOAD PDF<\/a><\/p>\n","protected":false},"featured_media":1178,"template":"","meta":[],"yoast_head":"<!-- This site is optimized with the Yoast SEO plugin v15.9.1 - https:\/\/yoast.com\/wordpress\/plugins\/seo\/ -->\n<title>MARIUS - Vini di Toscana Baldetti<\/title>\n<link rel=\"canonical\" href=\"https:\/\/baldetti.com\/prodotti\/marius\/\" \/>\n<meta property=\"og:locale\" content=\"en_US\" \/>\n<meta property=\"og:type\" content=\"article\" \/>\n<meta property=\"og:title\" content=\"MARIUS - Vini di Toscana Baldetti\" \/>\n<meta property=\"og:description\" content=\"[:it]CORTONA DOC Sangiovese  Sangiovese con un piccola percentuale di Merlot, \u00e8 un vino piacevolissimo con il quale abbiamo anche un particolare legame affettivo poich\u00e9 \u00e8 un omaggio a Mario Baldetti, grande estimatore del vitigno Sangiovese, che negli anni \u201870 diede inizio alla nostra produzione di vino in bottiglia.\u00a0  Variet\u00e0 di uva: Sangiovese 90% - Merlot 10% Zona di produzione: Pietraia (ca. 290 metri s.l.m.) Epoca di vendemmia: Inizio settembre per il Merlot, fine settembre per il Sangiovese Vinificazione: Tradizionale e d\u00e9lestage, macerazione con le bucce per 8-10 giorni Affinamento: Il Sangiovese in vasche di cemento e tonneax, il Merlot invece in barriques da 225 l entrambi per 8 mesi dopodich\u00e8 sostano in bottiglia per almeno 4 mesi Colore: Rosso rubino tendente al violaceo Profumo: Floreale e fruttato che ricorda la viola e la mora Gusto: Armonico, morbido e di grande equilibrio Grado alcolico: 13% - 14% SCARICA PDF[:en]CORTONA DOC Sangiovese  Made of Sangiovese and a small percentage of Merlot, this is a really pleasant wine, with which we have an emotional bond, since it is a tribute to Mario Baldetti, great admirer of the Sangiovese grape, who started the production of our bottled wine in the 70s.  Grape: Sangiovese 90% - Merlot 10% Area: Pietraia (around 290m above the sea level) Harvest: The Merlot is harvested at the beginning of September, the Sangiovese at the end of September Vinification: Traditional and d\u00e8lestage, maceration with the skins for 8 - 10 days Ageing: The Sangiovese ages in concrete tanks and tonneaux, the Merlot in 225lt barriques, both for 8 months; after that the wine stays for at least 4 months in the bottle Color: Ruby red to purple Nose: Floral and fruity; notes of violet and blackberry Taste: Harmonic, elegant and balanced Alcoholic Content: 13% - 14%  DOWNLOAD PDF[:]\" \/>\n<meta property=\"og:url\" content=\"https:\/\/baldetti.com\/prodotti\/marius\/\" \/>\n<meta property=\"og:site_name\" content=\"Vini di Toscana Baldetti\" \/>\n<meta property=\"article:modified_time\" content=\"2022-10-30T19:38:49+00:00\" \/>\n<meta property=\"og:image\" content=\"https:\/\/baldetti.com\/wp-content\/uploads\/2019\/12\/marius-baldetti.png\" \/>\n\t<meta property=\"og:image:width\" content=\"768\" \/>\n\t<meta property=\"og:image:height\" content=\"1152\" \/>\n<meta name=\"twitter:card\" content=\"summary_large_image\" \/>\n<script type=\"application\/ld+json\" class=\"yoast-schema-graph\">{\"@context\":\"https:\/\/schema.org\",\"@graph\":[{\"@type\":\"WebSite\",\"@id\":\"https:\/\/baldetti.com\/#website\",\"url\":\"https:\/\/baldetti.com\/\",\"name\":\"Vini di Toscana Baldetti\",\"description\":\"PRODUTTORE NELLA TERRA DI CORTONA\",\"potentialAction\":[{\"@type\":\"SearchAction\",\"target\":\"https:\/\/baldetti.com\/?s={search_term_string}\",\"query-input\":\"required name=search_term_string\"}],\"inLanguage\":\"en-US\"},{\"@type\":\"ImageObject\",\"@id\":\"https:\/\/baldetti.com\/prodotti\/marius\/#primaryimage\",\"inLanguage\":\"en-US\",\"url\":\"https:\/\/baldetti.com\/wp-content\/uploads\/2019\/12\/marius-baldetti.png\",\"width\":768,\"height\":1152},{\"@type\":\"WebPage\",\"@id\":\"https:\/\/baldetti.com\/prodotti\/marius\/#webpage\",\"url\":\"https:\/\/baldetti.com\/prodotti\/marius\/\",\"name\":\"MARIUS - Vini di Toscana Baldetti\",\"isPartOf\":{\"@id\":\"https:\/\/baldetti.com\/#website\"},\"primaryImageOfPage\":{\"@id\":\"https:\/\/baldetti.com\/prodotti\/marius\/#primaryimage\"},\"datePublished\":\"2019-12-27T11:32:56+00:00\",\"dateModified\":\"2022-10-30T19:38:49+00:00\",\"breadcrumb\":{\"@id\":\"https:\/\/baldetti.com\/prodotti\/marius\/#breadcrumb\"},\"inLanguage\":\"en-US\",\"potentialAction\":[{\"@type\":\"ReadAction\",\"target\":[\"https:\/\/baldetti.com\/prodotti\/marius\/\"]}]},{\"@type\":\"BreadcrumbList\",\"@id\":\"https:\/\/baldetti.com\/prodotti\/marius\/#breadcrumb\",\"itemListElement\":[{\"@type\":\"ListItem\",\"position\":1,\"item\":{\"@type\":\"WebPage\",\"@id\":\"https:\/\/baldetti.com\/\",\"url\":\"https:\/\/baldetti.com\/\",\"name\":\"Home\"}},{\"@type\":\"ListItem\",\"position\":2,\"item\":{\"@type\":\"WebPage\",\"@id\":\"https:\/\/baldetti.com\/prodotti-2\/\",\"url\":\"https:\/\/baldetti.com\/prodotti-2\/\",\"name\":\"Prodotti\"}},{\"@type\":\"ListItem\",\"position\":3,\"item\":{\"@type\":\"WebPage\",\"@id\":\"https:\/\/baldetti.com\/prodotti\/marius\/\",\"url\":\"https:\/\/baldetti.com\/prodotti\/marius\/\",\"name\":\"MARIUS\"}}]}]}<\/script>\n<!-- \/ Yoast SEO plugin. -->","_links":{"self":[{"href":"https:\/\/baldetti.com\/en\/wp-json\/wp\/v2\/product\/124"}],"collection":[{"href":"https:\/\/baldetti.com\/en\/wp-json\/wp\/v2\/product"}],"about":[{"href":"https:\/\/baldetti.com\/en\/wp-json\/wp\/v2\/types\/product"}],"wp:featuredmedia":[{"embeddable":true,"href":"https:\/\/baldetti.com\/en\/wp-json\/wp\/v2\/media\/1178"}],"wp:attachment":[{"href":"https:\/\/baldetti.com\/en\/wp-json\/wp\/v2\/media?parent=124"}],"curies":[{"name":"wp","href":"https:\/\/api.w.org\/{rel}","templated":true}]}}